{"id":104,"date":"2025-12-05T15:42:51","date_gmt":"2025-12-05T15:42:51","guid":{"rendered":"https:\/\/consulting.liristech.com\/?page_id=104"},"modified":"2026-01-12T18:07:52","modified_gmt":"2026-01-12T18:07:52","slug":"expertise-fonctionnelle","status":"publish","type":"page","link":"https:\/\/consulting.liristech.com\/index.php\/expertise-fonctionnelle\/","title":{"rendered":"Expertise fonctionnelle"},"content":{"rendered":"\n<div class=\"wp-block-group has-global-padding is-layout-constrained wp-container-core-group-is-layout-04428bc3 wp-block-group-is-layout-constrained\" style=\"margin-top:0;margin-bottom:0;padding-top:var(--wp--preset--spacing--50);padding-bottom:var(--wp--preset--spacing--50)\">\n<div class=\"wp-block-group has-global-padding is-layout-constrained wp-container-core-group-is-layout-663142b3 wp-block-group-is-layout-constrained\" style=\"padding-bottom:var(--wp--preset--spacing--30)\">\n<p class=\"has-text-align-center has-black-color has-text-color has-link-color wp-elements-c37c7c249c8e94d58f7c4e5011b0e0e5\" style=\"padding-top:0;padding-bottom:0\"><strong>Consulting<\/strong><\/p>\n\n\n\n<h2 class=\"wp-block-heading has-text-align-center\" style=\"font-size:clamp(25.014px, 1.563rem + ((1vw - 3.2px) * 1.733), 42px);font-style:normal;font-weight:600\">Des solutions fonctionnelles efficaces et durables.<\/h2>\n\n\n\n<p class=\"has-text-align-center has-base-color has-text-color has-link-color wp-elements-e3ded7d747581e6259a57c4cd2da1af9\">Notre expertise fonctionnelle vous accompagne \u00e0 chaque \u00e9tape pour transformer vos besoins op\u00e9rationnels en solutions concr\u00e8tes qui font avancer vos projets<\/p>\n<\/div>\n\n\n\n<div class=\"wp-block-columns is-layout-flex wp-container-core-columns-is-layout-658170e2 wp-block-columns-is-layout-flex\">\n<div class=\"wp-block-column is-layout-flow wp-block-column-is-layout-flow\">\n<div class=\"wp-block-group has-secondary-background-color has-background has-global-padding is-layout-constrained wp-container-core-group-is-layout-c385debf wp-block-group-is-layout-constrained\" style=\"padding-top:var(--wp--preset--spacing--20);padding-right:var(--wp--preset--spacing--20);padding-bottom:var(--wp--preset--spacing--20);padding-left:var(--wp--preset--spacing--20);box-shadow:var(--wp--preset--shadow--sharp)\">\n<figure class=\"wp-block-image size-full has-custom-border\"><img loading=\"lazy\" decoding=\"async\" width=\"1707\" height=\"2560\" src=\"https:\/\/consulting.liristech.com\/wp-content\/uploads\/2026\/01\/pexels-shkrabaanthony-5816291-scaled.jpg\" alt=\"\" class=\"wp-image-428\" style=\"border-radius:6px;object-fit:cover\" srcset=\"https:\/\/consulting.liristech.com\/wp-content\/uploads\/2026\/01\/pexels-shkrabaanthony-5816291-scaled.jpg 1707w, https:\/\/consulting.liristech.com\/wp-content\/uploads\/2026\/01\/pexels-shkrabaanthony-5816291-200x300.jpg 200w, https:\/\/consulting.liristech.com\/wp-content\/uploads\/2026\/01\/pexels-shkrabaanthony-5816291-683x1024.jpg 683w, https:\/\/consulting.liristech.com\/wp-content\/uploads\/2026\/01\/pexels-shkrabaanthony-5816291-768x1152.jpg 768w, https:\/\/consulting.liristech.com\/wp-content\/uploads\/2026\/01\/pexels-shkrabaanthony-5816291-1024x1536.jpg 1024w, https:\/\/consulting.liristech.com\/wp-content\/uploads\/2026\/01\/pexels-shkrabaanthony-5816291-1365x2048.jpg 1365w\" sizes=\"auto, (max-width: 1707px) 100vw, 1707px\" \/><\/figure>\n\n\n\n<h2 class=\"wp-block-heading has-text-align-center\" style=\"margin-top:var(--wp--preset--spacing--20);font-size:clamp(14.082px, 0.88rem + ((1vw - 3.2px) * 0.706), 21px);font-style:normal;font-weight:700\">Strat\u00e9gie d&#8217;entreprise<\/h2>\n\n\n\n<p class=\"has-text-align-center has-base-color has-text-color has-link-color wp-elements-1d0dd60d79158f6211b81b934b31c8a9\" style=\"margin-bottom:var(--wp--preset--spacing--20)\">Accompagnement dans le diagnostic strat\u00e9gique des entreprises,<br>Mise en \u0153uvre d&#8217;une structure organisationnelle solide et des avantages concurrentiels.<br><\/p>\n\n\n\n<div class=\"wp-block-buttons alignfull is-content-justification-space-between is-layout-flex wp-container-core-buttons-is-layout-8c5cd02a wp-block-buttons-is-layout-flex\">\n<div class=\"wp-block-button is-style-fill\"><a class=\"wp-block-button__link has-text-align-center wp-element-button\"><mark style=\"background-color:rgba(0, 0, 0, 0);color:#000000\" class=\"has-inline-color\">Voir les d\u00e9tails<\/mark><\/a><\/div>\n<\/div>\n<\/div>\n<\/div>\n\n\n\n<div class=\"wp-block-column is-layout-flow wp-block-column-is-layout-flow\">\n<div class=\"wp-block-group has-secondary-background-color has-background has-global-padding is-layout-constrained wp-container-core-group-is-layout-c385debf wp-block-group-is-layout-constrained\" style=\"padding-top:var(--wp--preset--spacing--20);padding-right:var(--wp--preset--spacing--20);padding-bottom:var(--wp--preset--spacing--20);padding-left:var(--wp--preset--spacing--20);box-shadow:var(--wp--preset--shadow--sharp)\">\n<figure class=\"wp-block-image size-full has-custom-border\"><img loading=\"lazy\" decoding=\"async\" width=\"1707\" height=\"2560\" src=\"https:\/\/consulting.liristech.com\/wp-content\/uploads\/2026\/01\/pexels-tima-miroshnichenko-6615196-1-scaled.jpg\" alt=\"\" class=\"wp-image-430\" style=\"border-radius:6px;object-fit:cover\" srcset=\"https:\/\/consulting.liristech.com\/wp-content\/uploads\/2026\/01\/pexels-tima-miroshnichenko-6615196-1-scaled.jpg 1707w, https:\/\/consulting.liristech.com\/wp-content\/uploads\/2026\/01\/pexels-tima-miroshnichenko-6615196-1-200x300.jpg 200w, https:\/\/consulting.liristech.com\/wp-content\/uploads\/2026\/01\/pexels-tima-miroshnichenko-6615196-1-683x1024.jpg 683w, https:\/\/consulting.liristech.com\/wp-content\/uploads\/2026\/01\/pexels-tima-miroshnichenko-6615196-1-768x1152.jpg 768w, https:\/\/consulting.liristech.com\/wp-content\/uploads\/2026\/01\/pexels-tima-miroshnichenko-6615196-1-1024x1536.jpg 1024w, https:\/\/consulting.liristech.com\/wp-content\/uploads\/2026\/01\/pexels-tima-miroshnichenko-6615196-1-1366x2048.jpg 1366w\" sizes=\"auto, (max-width: 1707px) 100vw, 1707px\" \/><\/figure>\n\n\n\n<h2 class=\"wp-block-heading has-text-align-center\" style=\"margin-top:var(--wp--preset--spacing--20);font-size:clamp(14.082px, 0.88rem + ((1vw - 3.2px) * 0.706), 21px);font-style:normal;font-weight:700\">Management de la qualit\u00e9<\/h2>\n\n\n\n<p class=\"has-text-align-center has-base-color has-text-color has-link-color wp-elements-73869565ec97c94399c0344ac553218d\" style=\"margin-bottom:var(--wp--preset--spacing--20)\">Diagnostic qualit\u00e9 des organisations,<br>Accompagnement des organisations dans l&#8217;obtention de la certification ISO 9001-2015<\/p>\n\n\n\n<div class=\"wp-block-buttons is-layout-flex wp-block-buttons-is-layout-flex\">\n<div class=\"wp-block-button\"><a class=\"wp-block-button__link wp-element-button\"><mark style=\"background-color:rgba(0, 0, 0, 0);color:#000000\" class=\"has-inline-color\">Voir les d\u00e9tails<\/mark><\/a><\/div>\n<\/div>\n<\/div>\n<\/div>\n<\/div>\n<\/div>\n","protected":false},"excerpt":{"rendered":"<p>Consulting Des solutions fonctionnelles efficaces et durables. Notre expertise fonctionnelle vous accompagne \u00e0 chaque \u00e9tape pour transformer vos besoins op\u00e9rationnels en solutions concr\u00e8tes qui font avancer vos projets Strat\u00e9gie d&#8217;entreprise Accompagnement dans le diagnostic strat\u00e9gique des entreprises,Mise en \u0153uvre d&#8217;une structure organisationnelle solide et des avantages concurrentiels. Management de la qualit\u00e9 Diagnostic qualit\u00e9 des organisations,Accompagnement [&hellip;]<\/p>\n","protected":false},"author":2,"featured_media":0,"parent":0,"menu_order":0,"comment_status":"closed","ping_status":"closed","template":"","meta":{"footnotes":""},"class_list":["post-104","page","type-page","status-publish","hentry"],"_links":{"self":[{"href":"https:\/\/consulting.liristech.com\/index.php\/wp-json\/wp\/v2\/pages\/104","targetHints":{"allow":["GET"]}}],"collection":[{"href":"https:\/\/consulting.liristech.com\/index.php\/wp-json\/wp\/v2\/pages"}],"about":[{"href":"https:\/\/consulting.liristech.com\/index.php\/wp-json\/wp\/v2\/types\/page"}],"author":[{"embeddable":true,"href":"https:\/\/consulting.liristech.com\/index.php\/wp-json\/wp\/v2\/users\/2"}],"replies":[{"embeddable":true,"href":"https:\/\/consulting.liristech.com\/index.php\/wp-json\/wp\/v2\/comments?post=104"}],"version-history":[{"count":6,"href":"https:\/\/consulting.liristech.com\/index.php\/wp-json\/wp\/v2\/pages\/104\/revisions"}],"predecessor-version":[{"id":464,"href":"https:\/\/consulting.liristech.com\/index.php\/wp-json\/wp\/v2\/pages\/104\/revisions\/464"}],"wp:attachment":[{"href":"https:\/\/consulting.liristech.com\/index.php\/wp-json\/wp\/v2\/media?parent=104"}],"curies":[{"name":"wp","href":"https:\/\/api.w.org\/{rel}","templated":true}]}}