{"id":110,"date":"2025-12-05T15:48:07","date_gmt":"2025-12-05T15:48:07","guid":{"rendered":"https:\/\/consulting.liristech.com\/?page_id=110"},"modified":"2026-01-12T19:02:14","modified_gmt":"2026-01-12T19:02:14","slug":"presentation-de-nos-services","status":"publish","type":"page","link":"https:\/\/consulting.liristech.com\/index.php\/presentation-de-nos-services\/","title":{"rendered":"Pr\u00e9sentation de nos services"},"content":{"rendered":"\n<p>Nous accompagnons les entreprises et les professionnels \u00e0 chaque \u00e9tape de leur d\u00e9veloppement gr\u00e2ce \u00e0 des services adapt\u00e9s, concrets et orient\u00e9s r\u00e9sultats.<\/p>\n\n\n<ul class=\"wp-block-categories-list wp-block-categories\">\t<li class=\"cat-item cat-item-1\"><a href=\"https:\/\/consulting.liristech.com\/index.php\/category\/uncategorized\/\">Formations et certifications<\/a>\n<\/li>\n<\/ul>","protected":false},"excerpt":{"rendered":"<p>Nous accompagnons les entreprises et les professionnels \u00e0 chaque \u00e9tape de leur d\u00e9veloppement gr\u00e2ce \u00e0 des services adapt\u00e9s, concrets et orient\u00e9s r\u00e9sultats.<\/p>\n","protected":false},"author":2,"featured_media":0,"parent":0,"menu_order":0,"comment_status":"closed","ping_status":"closed","template":"","meta":{"footnotes":""},"class_list":["post-110","page","type-page","status-publish","hentry"],"_links":{"self":[{"href":"https:\/\/consulting.liristech.com\/index.php\/wp-json\/wp\/v2\/pages\/110","targetHints":{"allow":["GET"]}}],"collection":[{"href":"https:\/\/consulting.liristech.com\/index.php\/wp-json\/wp\/v2\/pages"}],"about":[{"href":"https:\/\/consulting.liristech.com\/index.php\/wp-json\/wp\/v2\/types\/page"}],"author":[{"embeddable":true,"href":"https:\/\/consulting.liristech.com\/index.php\/wp-json\/wp\/v2\/users\/2"}],"replies":[{"embeddable":true,"href":"https:\/\/consulting.liristech.com\/index.php\/wp-json\/wp\/v2\/comments?post=110"}],"version-history":[{"count":4,"href":"https:\/\/consulting.liristech.com\/index.php\/wp-json\/wp\/v2\/pages\/110\/revisions"}],"predecessor-version":[{"id":488,"href":"https:\/\/consulting.liristech.com\/index.php\/wp-json\/wp\/v2\/pages\/110\/revisions\/488"}],"wp:attachment":[{"href":"https:\/\/consulting.liristech.com\/index.php\/wp-json\/wp\/v2\/media?parent=110"}],"curies":[{"name":"wp","href":"https:\/\/api.w.org\/{rel}","templated":true}]}}