{"id":112,"date":"2025-12-05T15:49:15","date_gmt":"2025-12-05T15:49:15","guid":{"rendered":"https:\/\/consulting.liristech.com\/?page_id=112"},"modified":"2026-01-07T20:01:01","modified_gmt":"2026-01-07T20:01:01","slug":"etudes-techniques","status":"publish","type":"page","link":"https:\/\/consulting.liristech.com\/index.php\/etudes-techniques\/","title":{"rendered":"Etudes techniques"},"content":{"rendered":"\n<div class=\"wp-block-group has-global-padding is-layout-constrained wp-container-core-group-is-layout-04428bc3 wp-block-group-is-layout-constrained\" style=\"margin-top:0;margin-bottom:0;padding-top:var(--wp--preset--spacing--50);padding-bottom:var(--wp--preset--spacing--50)\">\n<div class=\"wp-block-group has-global-padding is-layout-constrained wp-container-core-group-is-layout-663142b3 wp-block-group-is-layout-constrained\" style=\"padding-bottom:var(--wp--preset--spacing--30)\">\n<h2 class=\"wp-block-heading has-text-align-center\" style=\"font-size:clamp(25.014px, 1.563rem + ((1vw - 3.2px) * 1.733), 42px);font-style:normal;font-weight:600\">Etudes techniques<\/h2>\n\n\n\n<p class=\"has-text-align-center has-base-color has-text-color has-link-color wp-elements-8fa9b88289062f22a8ee1e7104d5d533\">Nous r\u00e9alisons des \u00e9tudes techniques approfondies pour transformer vos projets en solutions s\u00fbres, performantes et durables. Gr\u00e2ce \u00e0 des calculs pr\u00e9cis et une approche m\u00e9thodique, nous assurons la fiabilit\u00e9 de chaque structure et installation.<\/p>\n<\/div>\n\n\n\n<div class=\"wp-block-columns is-layout-flex wp-container-core-columns-is-layout-658170e2 wp-block-columns-is-layout-flex\">\n<div class=\"wp-block-column is-layout-flow wp-block-column-is-layout-flow\">\n<div class=\"wp-block-group has-secondary-background-color has-background has-global-padding is-layout-constrained wp-container-core-group-is-layout-c385debf wp-block-group-is-layout-constrained\" style=\"padding-top:var(--wp--preset--spacing--20);padding-right:var(--wp--preset--spacing--20);padding-bottom:var(--wp--preset--spacing--20);padding-left:var(--wp--preset--spacing--20);box-shadow:var(--wp--preset--shadow--sharp)\">\n<figure class=\"wp-block-image size-full has-custom-border\"><img loading=\"lazy\" decoding=\"async\" width=\"2560\" height=\"1702\" src=\"https:\/\/consulting.liristech.com\/wp-content\/uploads\/2026\/01\/pexels-thisvikto-10202856-scaled.jpg\" alt=\"\" class=\"wp-image-442\" style=\"border-radius:6px;object-fit:cover\" srcset=\"https:\/\/consulting.liristech.com\/wp-content\/uploads\/2026\/01\/pexels-thisvikto-10202856-scaled.jpg 2560w, https:\/\/consulting.liristech.com\/wp-content\/uploads\/2026\/01\/pexels-thisvikto-10202856-300x199.jpg 300w, https:\/\/consulting.liristech.com\/wp-content\/uploads\/2026\/01\/pexels-thisvikto-10202856-1024x681.jpg 1024w, https:\/\/consulting.liristech.com\/wp-content\/uploads\/2026\/01\/pexels-thisvikto-10202856-768x511.jpg 768w, https:\/\/consulting.liristech.com\/wp-content\/uploads\/2026\/01\/pexels-thisvikto-10202856-1536x1021.jpg 1536w, https:\/\/consulting.liristech.com\/wp-content\/uploads\/2026\/01\/pexels-thisvikto-10202856-2048x1362.jpg 2048w\" sizes=\"auto, (max-width: 2560px) 100vw, 2560px\" \/><\/figure>\n\n\n\n<h2 class=\"wp-block-heading has-text-align-center\" style=\"margin-top:var(--wp--preset--spacing--20);font-size:clamp(14.082px, 0.88rem + ((1vw - 3.2px) * 0.706), 21px);font-style:normal;font-weight:700\">Calcul de structures m\u00e9talliques et b\u00e9ton arm\u00e9<\/h2>\n\n\n\n<div class=\"wp-block-buttons is-layout-flex wp-block-buttons-is-layout-flex\">\n<div class=\"wp-block-button has-custom-width wp-block-button__width-100 has-arrow-left\"><a class=\"wp-block-button__link has-white-color has-primary-background-color has-text-color has-background has-link-color has-text-align-center wp-element-button\" style=\"border-radius:8px;padding-top:10px;padding-right:var(--wp--preset--spacing--10);padding-bottom:10px;padding-left:var(--wp--preset--spacing--10)\">En savoir plus<\/a><\/div>\n<\/div>\n<\/div>\n<\/div>\n\n\n\n<div class=\"wp-block-column is-layout-flow wp-block-column-is-layout-flow\">\n<div class=\"wp-block-group has-secondary-background-color has-background has-global-padding is-layout-constrained wp-container-core-group-is-layout-c385debf wp-block-group-is-layout-constrained\" style=\"padding-top:var(--wp--preset--spacing--20);padding-right:var(--wp--preset--spacing--20);padding-bottom:var(--wp--preset--spacing--20);padding-left:var(--wp--preset--spacing--20);box-shadow:var(--wp--preset--shadow--sharp)\">\n<figure class=\"wp-block-image size-full has-custom-border\"><img loading=\"lazy\" decoding=\"async\" width=\"2560\" height=\"1702\" src=\"https:\/\/consulting.liristech.com\/wp-content\/uploads\/2026\/01\/pexels-thisvikto-10202856-1-scaled.jpg\" alt=\"\" class=\"wp-image-443\" style=\"border-radius:6px;object-fit:cover\" srcset=\"https:\/\/consulting.liristech.com\/wp-content\/uploads\/2026\/01\/pexels-thisvikto-10202856-1-scaled.jpg 2560w, https:\/\/consulting.liristech.com\/wp-content\/uploads\/2026\/01\/pexels-thisvikto-10202856-1-300x199.jpg 300w, https:\/\/consulting.liristech.com\/wp-content\/uploads\/2026\/01\/pexels-thisvikto-10202856-1-1024x681.jpg 1024w, https:\/\/consulting.liristech.com\/wp-content\/uploads\/2026\/01\/pexels-thisvikto-10202856-1-768x511.jpg 768w, https:\/\/consulting.liristech.com\/wp-content\/uploads\/2026\/01\/pexels-thisvikto-10202856-1-1536x1021.jpg 1536w, https:\/\/consulting.liristech.com\/wp-content\/uploads\/2026\/01\/pexels-thisvikto-10202856-1-2048x1362.jpg 2048w\" sizes=\"auto, (max-width: 2560px) 100vw, 2560px\" \/><\/figure>\n\n\n\n<h2 class=\"wp-block-heading has-text-align-center\" style=\"margin-top:var(--wp--preset--spacing--20);font-size:clamp(14.082px, 0.88rem + ((1vw - 3.2px) * 0.706), 21px);font-style:normal;font-weight:700\">Calcul du stress piping<\/h2>\n\n\n\n<div class=\"wp-block-buttons is-layout-flex wp-block-buttons-is-layout-flex\">\n<div class=\"wp-block-button has-custom-width wp-block-button__width-100 has-arrow-left\"><a class=\"wp-block-button__link has-white-color has-primary-background-color has-text-color has-background has-link-color has-text-align-center wp-element-button\" style=\"border-radius:8px;padding-top:10px;padding-right:var(--wp--preset--spacing--10);padding-bottom:10px;padding-left:var(--wp--preset--spacing--10)\">En savoir plus<\/a><\/div>\n<\/div>\n<\/div>\n<\/div>\n\n\n\n<div class=\"wp-block-column is-layout-flow wp-block-column-is-layout-flow\">\n<div class=\"wp-block-group has-secondary-background-color has-background has-global-padding is-layout-constrained wp-container-core-group-is-layout-c385debf wp-block-group-is-layout-constrained\" style=\"padding-top:var(--wp--preset--spacing--20);padding-right:var(--wp--preset--spacing--20);padding-bottom:var(--wp--preset--spacing--20);padding-left:var(--wp--preset--spacing--20);box-shadow:var(--wp--preset--shadow--sharp)\">\n<figure class=\"wp-block-image size-full has-custom-border\"><img loading=\"lazy\" decoding=\"async\" width=\"2560\" height=\"1702\" src=\"https:\/\/consulting.liristech.com\/wp-content\/uploads\/2026\/01\/pexels-thisvikto-10202856-2-scaled.jpg\" alt=\"\" class=\"wp-image-444\" style=\"border-radius:6px;object-fit:cover\" srcset=\"https:\/\/consulting.liristech.com\/wp-content\/uploads\/2026\/01\/pexels-thisvikto-10202856-2-scaled.jpg 2560w, https:\/\/consulting.liristech.com\/wp-content\/uploads\/2026\/01\/pexels-thisvikto-10202856-2-300x199.jpg 300w, https:\/\/consulting.liristech.com\/wp-content\/uploads\/2026\/01\/pexels-thisvikto-10202856-2-1024x681.jpg 1024w, https:\/\/consulting.liristech.com\/wp-content\/uploads\/2026\/01\/pexels-thisvikto-10202856-2-768x511.jpg 768w, https:\/\/consulting.liristech.com\/wp-content\/uploads\/2026\/01\/pexels-thisvikto-10202856-2-1536x1021.jpg 1536w, https:\/\/consulting.liristech.com\/wp-content\/uploads\/2026\/01\/pexels-thisvikto-10202856-2-2048x1362.jpg 2048w\" sizes=\"auto, (max-width: 2560px) 100vw, 2560px\" \/><\/figure>\n\n\n\n<h2 class=\"wp-block-heading has-text-align-center\" style=\"margin-top:var(--wp--preset--spacing--20);font-size:clamp(14.082px, 0.88rem + ((1vw - 3.2px) * 0.706), 21px);font-style:normal;font-weight:700\">Conception et calcul des r\u00e9servoirs(Bacs et cuves de stockages)<\/h2>\n\n\n\n<div class=\"wp-block-buttons is-layout-flex wp-block-buttons-is-layout-flex\">\n<div class=\"wp-block-button has-custom-width wp-block-button__width-100 has-arrow-left\"><a class=\"wp-block-button__link has-white-color has-primary-background-color has-text-color has-background has-link-color has-text-align-center wp-element-button\" style=\"border-radius:8px;padding-top:10px;padding-right:var(--wp--preset--spacing--10);padding-bottom:10px;padding-left:var(--wp--preset--spacing--10)\">En savoir plus<\/a><\/div>\n<\/div>\n<\/div>\n<\/div>\n<\/div>\n<\/div>\n","protected":false},"excerpt":{"rendered":"<p>Etudes techniques Nous r\u00e9alisons des \u00e9tudes techniques approfondies pour transformer vos projets en solutions s\u00fbres, performantes et durables. Gr\u00e2ce \u00e0 des calculs pr\u00e9cis et une approche m\u00e9thodique, nous assurons la fiabilit\u00e9 de chaque structure et installation. Calcul de structures m\u00e9talliques et b\u00e9ton arm\u00e9 Calcul du stress piping Conception et calcul des r\u00e9servoirs(Bacs et cuves de [&hellip;]<\/p>\n","protected":false},"author":2,"featured_media":0,"parent":0,"menu_order":0,"comment_status":"closed","ping_status":"closed","template":"","meta":{"footnotes":""},"class_list":["post-112","page","type-page","status-publish","hentry"],"_links":{"self":[{"href":"https:\/\/consulting.liristech.com\/index.php\/wp-json\/wp\/v2\/pages\/112","targetHints":{"allow":["GET"]}}],"collection":[{"href":"https:\/\/consulting.liristech.com\/index.php\/wp-json\/wp\/v2\/pages"}],"about":[{"href":"https:\/\/consulting.liristech.com\/index.php\/wp-json\/wp\/v2\/types\/page"}],"author":[{"embeddable":true,"href":"https:\/\/consulting.liristech.com\/index.php\/wp-json\/wp\/v2\/users\/2"}],"replies":[{"embeddable":true,"href":"https:\/\/consulting.liristech.com\/index.php\/wp-json\/wp\/v2\/comments?post=112"}],"version-history":[{"count":3,"href":"https:\/\/consulting.liristech.com\/index.php\/wp-json\/wp\/v2\/pages\/112\/revisions"}],"predecessor-version":[{"id":446,"href":"https:\/\/consulting.liristech.com\/index.php\/wp-json\/wp\/v2\/pages\/112\/revisions\/446"}],"wp:attachment":[{"href":"https:\/\/consulting.liristech.com\/index.php\/wp-json\/wp\/v2\/media?parent=112"}],"curies":[{"name":"wp","href":"https:\/\/api.w.org\/{rel}","templated":true}]}}