{"id":114,"date":"2025-12-05T15:50:14","date_gmt":"2025-12-05T15:50:14","guid":{"rendered":"https:\/\/consulting.liristech.com\/?page_id=114"},"modified":"2026-01-12T18:36:42","modified_gmt":"2026-01-12T18:36:42","slug":"assistance-a-la-maitrise-doeuvre","status":"publish","type":"page","link":"https:\/\/consulting.liristech.com\/index.php\/assistance-a-la-maitrise-doeuvre\/","title":{"rendered":"Assistance \u00e0 la maitrise d&#8217;\u0153uvre\/maitrise d&#8217;ouvrage"},"content":{"rendered":"\n<p class=\"has-text-align-center\">Nous accompagnons vos projets de bout en bout, en vous offrant une assistance personnalis\u00e9e en maitrise d&#8217;ouvrage comme en maitrise d&#8217;\u0153uvre, afin de garantir des r\u00e9sultats fiables, structur\u00e9s et adapt\u00e9s \u00e0 vos besoins.<\/p>\n\n\n\n<div class=\"wp-block-group has-global-padding is-layout-constrained wp-container-core-group-is-layout-04428bc3 wp-block-group-is-layout-constrained\" style=\"margin-top:0;margin-bottom:0;padding-top:var(--wp--preset--spacing--50);padding-bottom:var(--wp--preset--spacing--50)\">\n<div class=\"wp-block-columns is-layout-flex wp-container-core-columns-is-layout-658170e2 wp-block-columns-is-layout-flex\">\n<div class=\"wp-block-column is-layout-flow wp-block-column-is-layout-flow\">\n<div class=\"wp-block-group has-secondary-background-color has-background has-global-padding is-layout-constrained wp-container-core-group-is-layout-c385debf wp-block-group-is-layout-constrained\" style=\"padding-top:var(--wp--preset--spacing--20);padding-right:var(--wp--preset--spacing--20);padding-bottom:var(--wp--preset--spacing--20);padding-left:var(--wp--preset--spacing--20);box-shadow:var(--wp--preset--shadow--sharp)\">\n<figure class=\"wp-block-image size-full has-custom-border\"><img loading=\"lazy\" decoding=\"async\" width=\"1707\" height=\"2560\" src=\"https:\/\/consulting.liristech.com\/wp-content\/uploads\/2026\/01\/pexels-rdne-9034287-scaled.jpg\" alt=\"\" class=\"wp-image-475\" style=\"border-radius:6px;object-fit:cover\" srcset=\"https:\/\/consulting.liristech.com\/wp-content\/uploads\/2026\/01\/pexels-rdne-9034287-scaled.jpg 1707w, https:\/\/consulting.liristech.com\/wp-content\/uploads\/2026\/01\/pexels-rdne-9034287-200x300.jpg 200w, https:\/\/consulting.liristech.com\/wp-content\/uploads\/2026\/01\/pexels-rdne-9034287-683x1024.jpg 683w, https:\/\/consulting.liristech.com\/wp-content\/uploads\/2026\/01\/pexels-rdne-9034287-768x1152.jpg 768w, https:\/\/consulting.liristech.com\/wp-content\/uploads\/2026\/01\/pexels-rdne-9034287-1024x1536.jpg 1024w, https:\/\/consulting.liristech.com\/wp-content\/uploads\/2026\/01\/pexels-rdne-9034287-1365x2048.jpg 1365w\" sizes=\"auto, (max-width: 1707px) 100vw, 1707px\" \/><\/figure>\n\n\n\n<h2 class=\"wp-block-heading has-text-align-center\" style=\"margin-top:var(--wp--preset--spacing--20);font-size:clamp(14.082px, 0.88rem + ((1vw - 3.2px) * 0.706), 21px);font-style:normal;font-weight:700\">R\u00e9daction des appels d&#8217;offres<\/h2>\n\n\n\n<div class=\"wp-block-buttons is-layout-flex wp-block-buttons-is-layout-flex\">\n<div class=\"wp-block-button has-custom-width wp-block-button__width-100 has-arrow-left\"><a class=\"wp-block-button__link has-white-color has-primary-background-color has-text-color has-background has-link-color has-text-align-center wp-element-button\" style=\"border-radius:8px;padding-top:10px;padding-right:var(--wp--preset--spacing--10);padding-bottom:10px;padding-left:var(--wp--preset--spacing--10)\">apprendre plus<\/a><\/div>\n<\/div>\n<\/div>\n<\/div>\n\n\n\n<div class=\"wp-block-column is-layout-flow wp-block-column-is-layout-flow\">\n<div class=\"wp-block-group has-secondary-background-color has-background has-global-padding is-layout-constrained wp-container-core-group-is-layout-c385debf wp-block-group-is-layout-constrained\" style=\"padding-top:var(--wp--preset--spacing--20);padding-right:var(--wp--preset--spacing--20);padding-bottom:var(--wp--preset--spacing--20);padding-left:var(--wp--preset--spacing--20);box-shadow:var(--wp--preset--shadow--sharp)\">\n<figure class=\"wp-block-image size-full is-resized has-custom-border\"><img loading=\"lazy\" decoding=\"async\" width=\"1707\" height=\"2560\" src=\"https:\/\/consulting.liristech.com\/wp-content\/uploads\/2026\/01\/pexels-shkrabaanthony-5816291-2-scaled.jpg\" alt=\"\" class=\"wp-image-477\" style=\"border-radius:6px;aspect-ratio:0.6666582450570376;object-fit:cover;width:425px;height:auto\" srcset=\"https:\/\/consulting.liristech.com\/wp-content\/uploads\/2026\/01\/pexels-shkrabaanthony-5816291-2-scaled.jpg 1707w, https:\/\/consulting.liristech.com\/wp-content\/uploads\/2026\/01\/pexels-shkrabaanthony-5816291-2-200x300.jpg 200w, https:\/\/consulting.liristech.com\/wp-content\/uploads\/2026\/01\/pexels-shkrabaanthony-5816291-2-683x1024.jpg 683w, https:\/\/consulting.liristech.com\/wp-content\/uploads\/2026\/01\/pexels-shkrabaanthony-5816291-2-768x1152.jpg 768w, https:\/\/consulting.liristech.com\/wp-content\/uploads\/2026\/01\/pexels-shkrabaanthony-5816291-2-1024x1536.jpg 1024w, https:\/\/consulting.liristech.com\/wp-content\/uploads\/2026\/01\/pexels-shkrabaanthony-5816291-2-1365x2048.jpg 1365w\" sizes=\"auto, (max-width: 1707px) 100vw, 1707px\" \/><\/figure>\n\n\n\n<div class=\"wp-block-group has-global-padding is-layout-constrained wp-block-group-is-layout-constrained\">\n<h2 class=\"wp-block-heading has-text-align-center\" style=\"margin-top:var(--wp--preset--spacing--20);font-size:clamp(14.082px, 0.88rem + ((1vw - 3.2px) * 0.706), 21px);font-style:normal;font-weight:700\">R\u00e9daction des r\u00e9ponses aux appels d&#8217;offres<\/h2>\n<\/div>\n\n\n\n<div class=\"wp-block-buttons is-layout-flex wp-block-buttons-is-layout-flex\">\n<div class=\"wp-block-button has-custom-width wp-block-button__width-100 has-arrow-left\"><a class=\"wp-block-button__link has-white-color has-primary-background-color has-text-color has-background has-link-color has-text-align-center wp-element-button\" style=\"border-radius:8px;padding-top:10px;padding-right:var(--wp--preset--spacing--10);padding-bottom:10px;padding-left:var(--wp--preset--spacing--10)\">apprendre plus<\/a><\/div>\n<\/div>\n<\/div>\n<\/div>\n<\/div>\n<\/div>\n","protected":false},"excerpt":{"rendered":"<p>Nous accompagnons vos projets de bout en bout, en vous offrant une assistance personnalis\u00e9e en maitrise d&#8217;ouvrage comme en maitrise d&#8217;\u0153uvre, afin de garantir des r\u00e9sultats fiables, structur\u00e9s et adapt\u00e9s \u00e0 vos besoins. R\u00e9daction des appels d&#8217;offres R\u00e9daction des r\u00e9ponses aux appels d&#8217;offres<\/p>\n","protected":false},"author":2,"featured_media":0,"parent":0,"menu_order":0,"comment_status":"closed","ping_status":"closed","template":"","meta":{"footnotes":""},"class_list":["post-114","page","type-page","status-publish","hentry"],"_links":{"self":[{"href":"https:\/\/consulting.liristech.com\/index.php\/wp-json\/wp\/v2\/pages\/114","targetHints":{"allow":["GET"]}}],"collection":[{"href":"https:\/\/consulting.liristech.com\/index.php\/wp-json\/wp\/v2\/pages"}],"about":[{"href":"https:\/\/consulting.liristech.com\/index.php\/wp-json\/wp\/v2\/types\/page"}],"author":[{"embeddable":true,"href":"https:\/\/consulting.liristech.com\/index.php\/wp-json\/wp\/v2\/users\/2"}],"replies":[{"embeddable":true,"href":"https:\/\/consulting.liristech.com\/index.php\/wp-json\/wp\/v2\/comments?post=114"}],"version-history":[{"count":8,"href":"https:\/\/consulting.liristech.com\/index.php\/wp-json\/wp\/v2\/pages\/114\/revisions"}],"predecessor-version":[{"id":478,"href":"https:\/\/consulting.liristech.com\/index.php\/wp-json\/wp\/v2\/pages\/114\/revisions\/478"}],"wp:attachment":[{"href":"https:\/\/consulting.liristech.com\/index.php\/wp-json\/wp\/v2\/media?parent=114"}],"curies":[{"name":"wp","href":"https:\/\/api.w.org\/{rel}","templated":true}]}}