{"id":45,"date":"2025-12-05T11:55:19","date_gmt":"2025-12-05T11:55:19","guid":{"rendered":"https:\/\/consulting.liristech.com\/?page_id=45"},"modified":"2026-01-12T19:05:13","modified_gmt":"2026-01-12T19:05:13","slug":"formations-certifications","status":"publish","type":"page","link":"https:\/\/consulting.liristech.com\/index.php\/formations-certifications\/","title":{"rendered":"Formations &amp; certifications"},"content":{"rendered":"\n<h1 class=\"wp-block-heading\"><strong>Nos services<\/strong><\/h1>\n\n\n\n<p>Nous mettons \u00e0 votre disposition un ensemble de prestations con\u00e7ues pour faciliter vos projets et garantir votre r\u00e9ussite.<\/p>\n\n\n\n<h2 class=\"wp-block-heading has-text-align-center\">Formations et certifications<\/h2>\n\n\n\n<p>Notre offre<\/p>\n\n\n\n<p>Catalogue de formation<\/p>\n\n\n\n<p>Calendrier<\/p>\n\n\n\n<p>Inscription<\/p>\n\n\n\n<p><a href=\"https:\/\/consulting.liristech.com\/index.php\/nos-services\/\">en savoir plus<\/a><\/p>\n\n\n\n<h2 class=\"wp-block-heading has-text-align-center\">Services<\/h2>\n\n\n\n<p>\u00c9tude techniques<\/p>\n\n\n\n<p>Assistance \u00e0 la maitrise d\u2019\u0153uvre\/maitrise d\u2019ouvrage<\/p>\n\n\n\n<p>\u00c9tude de cas<\/p>\n\n\n\n<p><a href=\"https:\/\/consulting.liristech.com\/index.php\/nos-services\/\">en savoir plus<\/a><\/p>\n\n\n\n<h2 class=\"wp-block-heading has-text-align-center\">Consulting<\/h2>\n\n\n\n<p>Notre approche<\/p>\n\n\n\n<p>Expertise sectorielle<\/p>\n\n\n\n<p>Expertise fonctionnelle<\/p>\n\n\n\n<p>Cas d\u2019\u00e9tude<\/p>\n\n\n\n<p><a href=\"https:\/\/consulting.liristech.com\/index.php\/consulting\/\">en savoir plus<\/a><\/p>\n","protected":false},"excerpt":{"rendered":"<p>Nos services Nous mettons \u00e0 votre disposition un ensemble de prestations con\u00e7ues pour faciliter vos projets et garantir votre r\u00e9ussite. Formations et certifications Notre offre Catalogue de formation Calendrier Inscription en savoir plus Services \u00c9tude techniques Assistance \u00e0 la maitrise d\u2019\u0153uvre\/maitrise d\u2019ouvrage \u00c9tude de cas en savoir plus Consulting Notre approche Expertise sectorielle Expertise fonctionnelle [&hellip;]<\/p>\n","protected":false},"author":2,"featured_media":0,"parent":0,"menu_order":0,"comment_status":"closed","ping_status":"closed","template":"","meta":{"footnotes":""},"class_list":["post-45","page","type-page","status-publish","hentry"],"_links":{"self":[{"href":"https:\/\/consulting.liristech.com\/index.php\/wp-json\/wp\/v2\/pages\/45","targetHints":{"allow":["GET"]}}],"collection":[{"href":"https:\/\/consulting.liristech.com\/index.php\/wp-json\/wp\/v2\/pages"}],"about":[{"href":"https:\/\/consulting.liristech.com\/index.php\/wp-json\/wp\/v2\/types\/page"}],"author":[{"embeddable":true,"href":"https:\/\/consulting.liristech.com\/index.php\/wp-json\/wp\/v2\/users\/2"}],"replies":[{"embeddable":true,"href":"https:\/\/consulting.liristech.com\/index.php\/wp-json\/wp\/v2\/comments?post=45"}],"version-history":[{"count":4,"href":"https:\/\/consulting.liristech.com\/index.php\/wp-json\/wp\/v2\/pages\/45\/revisions"}],"predecessor-version":[{"id":490,"href":"https:\/\/consulting.liristech.com\/index.php\/wp-json\/wp\/v2\/pages\/45\/revisions\/490"}],"wp:attachment":[{"href":"https:\/\/consulting.liristech.com\/index.php\/wp-json\/wp\/v2\/media?parent=45"}],"curies":[{"name":"wp","href":"https:\/\/api.w.org\/{rel}","templated":true}]}}