{"id":71,"date":"2025-12-05T11:57:51","date_gmt":"2025-12-05T11:57:51","guid":{"rendered":"https:\/\/consulting.liristech.com\/?page_id=71"},"modified":"2026-01-12T18:29:47","modified_gmt":"2026-01-12T18:29:47","slug":"consulting","status":"publish","type":"page","link":"https:\/\/consulting.liristech.com\/index.php\/consulting\/","title":{"rendered":"Consulting"},"content":{"rendered":"\n<div class=\"wp-block-group has-global-padding is-layout-constrained wp-container-core-group-is-layout-04428bc3 wp-block-group-is-layout-constrained\" style=\"margin-top:0;margin-bottom:0;padding-top:var(--wp--preset--spacing--50);padding-bottom:var(--wp--preset--spacing--50)\">\n<div class=\"wp-block-group has-global-padding is-layout-constrained wp-container-core-group-is-layout-663142b3 wp-block-group-is-layout-constrained\" style=\"padding-bottom:var(--wp--preset--spacing--30)\">\n<p class=\"has-text-align-center has-black-color has-text-color has-link-color wp-elements-6b4b0e06b62cfdc3d9056f4f6d7ae0a3\" style=\"padding-top:0;padding-bottom:0\">Des solutions fiables pour construire l\u2019avenir<br><\/p>\n\n\n\n<h2 class=\"wp-block-heading has-text-align-center\" style=\"font-size:clamp(25.014px, 1.563rem + ((1vw - 3.2px) * 1.733), 42px);font-style:normal;font-weight:600\">Des conseils qui transforment vos ambitions en r\u00e9alit\u00e9.<br><\/h2>\n\n\n\n<p class=\"has-text-align-center has-base-color has-text-color has-link-color wp-elements-f5431c3549019b5f129c85d8b32db257\">Avec notre expertise en conseil,nous vous aidons \u00e0 prendre les meilleurs d\u00e9cisions pour vos projets<br>Des solutions fiables pour construire l\u2019avenir<br><\/p>\n<\/div>\n\n\n\n<div class=\"wp-block-columns is-layout-flex wp-container-core-columns-is-layout-658170e2 wp-block-columns-is-layout-flex\">\n<div class=\"wp-block-column is-layout-flow wp-block-column-is-layout-flow\">\n<div class=\"wp-block-group has-secondary-background-color has-background has-global-padding is-layout-constrained wp-container-core-group-is-layout-c385debf wp-block-group-is-layout-constrained\" style=\"padding-top:var(--wp--preset--spacing--20);padding-right:var(--wp--preset--spacing--20);padding-bottom:var(--wp--preset--spacing--20);padding-left:var(--wp--preset--spacing--20);box-shadow:var(--wp--preset--shadow--sharp)\">\n<figure class=\"wp-block-image size-full has-custom-border\"><img loading=\"lazy\" decoding=\"async\" width=\"1024\" height=\"576\" src=\"https:\/\/consulting.liristech.com\/wp-content\/uploads\/2025\/12\/istockphoto-2166183185-1024x1024-4.jpg\" alt=\"\" class=\"wp-image-296\" style=\"border-radius:6px;object-fit:cover\" srcset=\"https:\/\/consulting.liristech.com\/wp-content\/uploads\/2025\/12\/istockphoto-2166183185-1024x1024-4.jpg 1024w, https:\/\/consulting.liristech.com\/wp-content\/uploads\/2025\/12\/istockphoto-2166183185-1024x1024-4-300x169.jpg 300w, https:\/\/consulting.liristech.com\/wp-content\/uploads\/2025\/12\/istockphoto-2166183185-1024x1024-4-768x432.jpg 768w\" sizes=\"auto, (max-width: 1024px) 100vw, 1024px\" \/><\/figure>\n\n\n\n<h2 class=\"wp-block-heading has-text-align-center\" style=\"margin-top:var(--wp--preset--spacing--20);font-size:clamp(14.082px, 0.88rem + ((1vw - 3.2px) * 0.706), 21px);font-style:normal;font-weight:700\">Notre approche<\/h2>\n\n\n\n<p class=\"has-text-align-center has-base-color has-text-color has-link-color wp-elements-d1ebbeed6c5c17f25ce00c925433dfbb\" style=\"margin-bottom:var(--wp--preset--spacing--20)\">Notre engagement: une conduite de projet pr\u00e9cise,une qualit\u00e9 irr\u00e9prochable et une approche conseil fond\u00e9e sur l\u2019\u00e9coute,la m\u00e9thode et la confiance.<\/p>\n\n\n\n<div class=\"wp-block-buttons is-layout-flex wp-block-buttons-is-layout-flex\">\n<div class=\"wp-block-button has-custom-width wp-block-button__width-100 has-arrow-left\"><a class=\"wp-block-button__link has-white-color has-primary-background-color has-text-color has-background has-link-color has-text-align-center wp-element-button\" style=\"border-radius:8px;padding-top:10px;padding-right:var(--wp--preset--spacing--10);padding-bottom:10px;padding-left:var(--wp--preset--spacing--10)\">Apprendre plus<\/a><\/div>\n<\/div>\n<\/div>\n<\/div>\n\n\n\n<div class=\"wp-block-column is-layout-flow wp-block-column-is-layout-flow\">\n<div class=\"wp-block-group has-secondary-background-color has-background has-global-padding is-layout-constrained wp-container-core-group-is-layout-c385debf wp-block-group-is-layout-constrained\" style=\"padding-top:var(--wp--preset--spacing--20);padding-right:var(--wp--preset--spacing--20);padding-bottom:var(--wp--preset--spacing--20);padding-left:var(--wp--preset--spacing--20);box-shadow:var(--wp--preset--shadow--sharp)\">\n<figure class=\"wp-block-image size-full has-custom-border\"><img decoding=\"async\" src=\"https:\/\/consulting.liristech.com\/wp-content\/themes\/startupgrove\/assets\/images\/team.jpg\" alt=\"\" class=\"wp-image-856\" style=\"border-radius:6px;object-fit:cover\"\/><\/figure>\n\n\n\n<h2 class=\"wp-block-heading has-text-align-center\" style=\"margin-top:var(--wp--preset--spacing--20);font-size:clamp(14.082px, 0.88rem + ((1vw - 3.2px) * 0.706), 21px);font-style:normal;font-weight:700\">Expertise sectorielle<\/h2>\n\n\n\n<p class=\"has-text-align-center has-base-color has-text-color has-link-color wp-elements-cb0bcb61a3f79037c278bf08179637dd\" style=\"margin-bottom:var(--wp--preset--spacing--20)\">Chaque secteur a ses exigences. Nous intervenons avec une compr\u00e9hension fine des m\u00e9tiers pour accompagner efficacement les acteurs de terrain.<\/p>\n\n\n\n<p class=\"has-text-align-center has-base-color has-text-color has-link-color wp-elements-a089b5375229b553f0d58e5f73126b3f\" style=\"margin-bottom:var(--wp--preset--spacing--20)\"><\/p>\n\n\n\n<div class=\"wp-block-buttons is-layout-flex wp-block-buttons-is-layout-flex\">\n<div class=\"wp-block-button has-custom-width wp-block-button__width-100 has-arrow-left\"><a class=\"wp-block-button__link has-white-color has-primary-background-color has-text-color has-background has-link-color has-text-align-center wp-element-button\" style=\"border-radius:8px;padding-top:10px;padding-right:var(--wp--preset--spacing--10);padding-bottom:10px;padding-left:var(--wp--preset--spacing--10)\">Apprendre plus<\/a><\/div>\n<\/div>\n<\/div>\n<\/div>\n\n\n\n<div class=\"wp-block-column is-layout-flow wp-block-column-is-layout-flow\">\n<div class=\"wp-block-group has-secondary-background-color has-background has-global-padding is-layout-constrained wp-container-core-group-is-layout-c385debf wp-block-group-is-layout-constrained\" style=\"padding-top:var(--wp--preset--spacing--20);padding-right:var(--wp--preset--spacing--20);padding-bottom:var(--wp--preset--spacing--20);padding-left:var(--wp--preset--spacing--20);box-shadow:var(--wp--preset--shadow--sharp)\">\n<figure class=\"wp-block-image size-full is-resized has-custom-border\"><img decoding=\"async\" src=\"https:\/\/consulting.liristech.com\/wp-content\/themes\/startupgrove\/assets\/images\/team-1.jpg\" alt=\"\" class=\"wp-image-142\" style=\"border-radius:6px;aspect-ratio:1.5000000467105803;object-fit:cover;width:270px;height:auto\"\/><\/figure>\n\n\n\n<h2 class=\"wp-block-heading has-text-align-center\" style=\"margin-top:var(--wp--preset--spacing--20);font-size:clamp(14.082px, 0.88rem + ((1vw - 3.2px) * 0.706), 21px);font-style:normal;font-weight:700\">Expertise fonctionnelle<\/h2>\n\n\n\n<p class=\"has-text-align-center has-base-color has-text-color has-link-color wp-elements-96750891cf94faa9dec0a4df49896539\" style=\"margin-bottom:var(--wp--preset--spacing--20)\">Nous aidons les organisations \u00e0 mieux structurer leurs fonctions internes pour gagner en efficacit\u00e9 et en s\u00e9r\u00e9nit\u00e9.<\/p>\n\n\n\n<p class=\"has-text-align-center has-base-color has-text-color has-link-color wp-elements-2d5ce739f3cff6bfc467b5387e29ff6a\" style=\"margin-bottom:var(--wp--preset--spacing--20)\">Notre accompagnement fonctionnel vise \u00e0 simplifier, organiser et s\u00e9curiser les activit\u00e9s au c\u0153ur des organisations.<\/p>\n\n\n\n<div class=\"wp-block-buttons is-layout-flex wp-block-buttons-is-layout-flex\">\n<div class=\"wp-block-button has-custom-width wp-block-button__width-100 has-arrow-left\"><a class=\"wp-block-button__link has-white-color has-primary-background-color has-text-color has-background has-link-color has-text-align-center wp-element-button\" style=\"border-radius:8px;padding-top:10px;padding-right:var(--wp--preset--spacing--10);padding-bottom:10px;padding-left:var(--wp--preset--spacing--10)\">Apprendre plus<\/a><\/div>\n<\/div>\n<\/div>\n<\/div>\n<\/div>\n<\/div>\n\n\n\n<h2 class=\"wp-block-heading\">Strat\u00e9gie d&#8217;entreprise<\/h2>\n\n\n\n<details class=\"wp-block-details is-layout-flow wp-block-details-is-layout-flow\"><summary>Accompagnement dans le diagnostic strat\u00e9gique d&#8217;entreprise,<br>Mise en oeuvre d\u2019une structure organisationnelle solide et des avantages concurrentiels<br><br><br><br><\/summary>\n<h2 class=\"wp-block-heading\">Management de la qualit\u00e9<\/h2>\n\n\n\n<p><br><\/p>\n\n\n\n<details class=\"wp-block-details is-layout-flow wp-block-details-is-layout-flow\"><summary>Diagnostic qualit\u00e9 des organisations<br>Accompagnement des organisations dans l\u2019obtention de la certification ISO 9001-2015<br><\/summary>\n<p><\/p>\n<\/details>\n<\/details>\n\n\n\n<p><br><\/p>\n","protected":false},"excerpt":{"rendered":"<p>Des solutions fiables pour construire l\u2019avenir Des conseils qui transforment vos ambitions en r\u00e9alit\u00e9. Avec notre expertise en conseil,nous vous aidons \u00e0 prendre les meilleurs d\u00e9cisions pour vos projetsDes solutions fiables pour construire l\u2019avenir Notre approche Notre engagement: une conduite de projet pr\u00e9cise,une qualit\u00e9 irr\u00e9prochable et une approche conseil fond\u00e9e sur l\u2019\u00e9coute,la m\u00e9thode et la [&hellip;]<\/p>\n","protected":false},"author":2,"featured_media":0,"parent":0,"menu_order":0,"comment_status":"closed","ping_status":"closed","template":"","meta":{"footnotes":""},"class_list":["post-71","page","type-page","status-publish","hentry"],"_links":{"self":[{"href":"https:\/\/consulting.liristech.com\/index.php\/wp-json\/wp\/v2\/pages\/71","targetHints":{"allow":["GET"]}}],"collection":[{"href":"https:\/\/consulting.liristech.com\/index.php\/wp-json\/wp\/v2\/pages"}],"about":[{"href":"https:\/\/consulting.liristech.com\/index.php\/wp-json\/wp\/v2\/types\/page"}],"author":[{"embeddable":true,"href":"https:\/\/consulting.liristech.com\/index.php\/wp-json\/wp\/v2\/users\/2"}],"replies":[{"embeddable":true,"href":"https:\/\/consulting.liristech.com\/index.php\/wp-json\/wp\/v2\/comments?post=71"}],"version-history":[{"count":4,"href":"https:\/\/consulting.liristech.com\/index.php\/wp-json\/wp\/v2\/pages\/71\/revisions"}],"predecessor-version":[{"id":470,"href":"https:\/\/consulting.liristech.com\/index.php\/wp-json\/wp\/v2\/pages\/71\/revisions\/470"}],"wp:attachment":[{"href":"https:\/\/consulting.liristech.com\/index.php\/wp-json\/wp\/v2\/media?parent=71"}],"curies":[{"name":"wp","href":"https:\/\/api.w.org\/{rel}","templated":true}]}}