{"id":72,"date":"2025-12-05T11:46:56","date_gmt":"2025-12-05T11:46:56","guid":{"rendered":"https:\/\/consulting.liristech.com\/?page_id=72"},"modified":"2026-01-12T18:59:45","modified_gmt":"2026-01-12T18:59:45","slug":"nos-services","status":"publish","type":"page","link":"https:\/\/consulting.liristech.com\/index.php\/nos-services\/","title":{"rendered":"Nos services"},"content":{"rendered":"\n<div class=\"wp-block-group wow animate__animated animate__slideInUp has-base-background-color has-background has-global-padding is-layout-constrained wp-block-group-is-layout-constrained\" style=\"margin-top:0;margin-bottom:0;padding-top:var(--wp--preset--spacing--50);padding-bottom:var(--wp--preset--spacing--50)\">\n<div class=\"wp-block-columns is-layout-flex wp-container-core-columns-is-layout-69cf8084 wp-block-columns-is-layout-flex\" style=\"margin-top:var(--wp--preset--spacing--40)\">\n<div class=\"wp-block-column is-layout-flow wp-block-column-is-layout-flow\">\n<div class=\"wp-block-group has-border-color has-white-background-color has-background has-global-padding is-layout-constrained wp-container-core-group-is-layout-c385debf wp-block-group-is-layout-constrained\" style=\"border-color:#51515147;border-width:1px;border-radius:8px;padding-top:var(--wp--preset--spacing--20);padding-right:var(--wp--preset--spacing--20);padding-bottom:var(--wp--preset--spacing--20);padding-left:var(--wp--preset--spacing--20)\">\n<figure class=\"wp-block-image size-full\"><img loading=\"lazy\" decoding=\"async\" width=\"2560\" height=\"1920\" src=\"https:\/\/consulting.liristech.com\/wp-content\/uploads\/2026\/01\/pexels-kindelmedia-8488034-scaled.jpg\" alt=\"\" class=\"wp-image-471\" style=\"object-fit:contain\" srcset=\"https:\/\/consulting.liristech.com\/wp-content\/uploads\/2026\/01\/pexels-kindelmedia-8488034-scaled.jpg 2560w, https:\/\/consulting.liristech.com\/wp-content\/uploads\/2026\/01\/pexels-kindelmedia-8488034-300x225.jpg 300w, https:\/\/consulting.liristech.com\/wp-content\/uploads\/2026\/01\/pexels-kindelmedia-8488034-1024x768.jpg 1024w, https:\/\/consulting.liristech.com\/wp-content\/uploads\/2026\/01\/pexels-kindelmedia-8488034-768x576.jpg 768w, https:\/\/consulting.liristech.com\/wp-content\/uploads\/2026\/01\/pexels-kindelmedia-8488034-1536x1152.jpg 1536w, https:\/\/consulting.liristech.com\/wp-content\/uploads\/2026\/01\/pexels-kindelmedia-8488034-2048x1536.jpg 2048w\" sizes=\"auto, (max-width: 2560px) 100vw, 2560px\" \/><\/figure>\n\n\n\n<h3 class=\"wp-block-heading has-text-align-center\" style=\"font-size:clamp(14.082px, 0.88rem + ((1vw - 3.2px) * 0.706), 21px);\">Notre approche<\/h3>\n\n\n\n<p class=\"has-text-align-center\">Notre approche repose avant tout sur l\u2019\u00e9coute, la compr\u00e9hension de vos besoins et une collaboration de proximit\u00e9 \u00e0 chaque \u00e9tape.<\/p>\n\n\n\n<div class=\"wp-block-buttons is-content-justification-center is-layout-flex wp-container-core-buttons-is-layout-a89b3969 wp-block-buttons-is-layout-flex\">\n<div class=\"wp-block-button\"><a class=\"wp-block-button__link has-background wp-element-button\" style=\"border-radius:0px;border-bottom-width:1px;background-color:#ffffff00;padding-top:0;padding-right:0;padding-bottom:0;padding-left:0\">En savoir plus<\/a><\/div>\n<\/div>\n<\/div>\n<\/div>\n\n\n\n<div class=\"wp-block-column is-layout-flow wp-block-column-is-layout-flow\">\n<div class=\"wp-block-group has-border-color has-white-background-color has-background has-global-padding is-layout-constrained wp-container-core-group-is-layout-c385debf wp-block-group-is-layout-constrained\" style=\"border-color:#51515147;border-width:1px;border-radius:8px;padding-top:var(--wp--preset--spacing--20);padding-right:var(--wp--preset--spacing--20);padding-bottom:var(--wp--preset--spacing--20);padding-left:var(--wp--preset--spacing--20)\">\n<figure class=\"wp-block-image size-full\"><img loading=\"lazy\" decoding=\"async\" width=\"8192\" height=\"5461\" src=\"https:\/\/consulting.liristech.com\/wp-content\/uploads\/2026\/01\/pexels-mikael-blomkvist-8960944.jpg\" alt=\"\" class=\"wp-image-472\" style=\"object-fit:contain\" srcset=\"https:\/\/consulting.liristech.com\/wp-content\/uploads\/2026\/01\/pexels-mikael-blomkvist-8960944.jpg 8192w, https:\/\/consulting.liristech.com\/wp-content\/uploads\/2026\/01\/pexels-mikael-blomkvist-8960944-300x200.jpg 300w, https:\/\/consulting.liristech.com\/wp-content\/uploads\/2026\/01\/pexels-mikael-blomkvist-8960944-1024x683.jpg 1024w, https:\/\/consulting.liristech.com\/wp-content\/uploads\/2026\/01\/pexels-mikael-blomkvist-8960944-768x512.jpg 768w, https:\/\/consulting.liristech.com\/wp-content\/uploads\/2026\/01\/pexels-mikael-blomkvist-8960944-1536x1024.jpg 1536w\" sizes=\"auto, (max-width: 8192px) 100vw, 8192px\" \/><\/figure>\n\n\n\n<h3 class=\"wp-block-heading has-text-align-center\" style=\"font-size:clamp(14.082px, 0.88rem + ((1vw - 3.2px) * 0.706), 21px);\">Expertise sectorielle<\/h3>\n\n\n\n<p class=\"has-text-align-center\">Chaque secteur a ses r\u00e9alit\u00e9s, ses d\u00e9fis et ses priorit\u00e9s. Nous prenons le temps de les comprendre afin de proposer des solutions r\u00e9ellement adapt\u00e9es aux besoins du terrain.<\/p>\n\n\n\n<div class=\"wp-block-buttons is-content-justification-center is-layout-flex wp-container-core-buttons-is-layout-a89b3969 wp-block-buttons-is-layout-flex\">\n<div class=\"wp-block-button\"><a class=\"wp-block-button__link has-background wp-element-button\" href=\"\/index.php\/expertise-sectorielle\/\" style=\"border-radius:0px;border-bottom-width:1px;background-color:#ffffff00;padding-top:0;padding-right:0;padding-bottom:0;padding-left:0\">en savoir plus<\/a><\/div>\n<\/div>\n<\/div>\n<\/div>\n\n\n\n<div class=\"wp-block-column is-layout-flow wp-block-column-is-layout-flow\">\n<div class=\"wp-block-group has-border-color has-white-background-color has-background has-global-padding is-layout-constrained wp-container-core-group-is-layout-c385debf wp-block-group-is-layout-constrained\" style=\"border-color:#51515147;border-width:1px;border-radius:8px;padding-top:var(--wp--preset--spacing--20);padding-right:var(--wp--preset--spacing--20);padding-bottom:var(--wp--preset--spacing--20);padding-left:var(--wp--preset--spacing--20)\">\n<figure class=\"wp-block-image size-full\"><img loading=\"lazy\" decoding=\"async\" width=\"2560\" height=\"1707\" src=\"https:\/\/consulting.liristech.com\/wp-content\/uploads\/2026\/01\/pexels-andy-barbour-6684360-scaled.jpg\" alt=\"\" class=\"wp-image-436\" style=\"object-fit:contain\" srcset=\"https:\/\/consulting.liristech.com\/wp-content\/uploads\/2026\/01\/pexels-andy-barbour-6684360-scaled.jpg 2560w, https:\/\/consulting.liristech.com\/wp-content\/uploads\/2026\/01\/pexels-andy-barbour-6684360-300x200.jpg 300w, https:\/\/consulting.liristech.com\/wp-content\/uploads\/2026\/01\/pexels-andy-barbour-6684360-1024x683.jpg 1024w, https:\/\/consulting.liristech.com\/wp-content\/uploads\/2026\/01\/pexels-andy-barbour-6684360-768x512.jpg 768w, https:\/\/consulting.liristech.com\/wp-content\/uploads\/2026\/01\/pexels-andy-barbour-6684360-1536x1024.jpg 1536w, https:\/\/consulting.liristech.com\/wp-content\/uploads\/2026\/01\/pexels-andy-barbour-6684360-2048x1365.jpg 2048w\" sizes=\"auto, (max-width: 2560px) 100vw, 2560px\" \/><\/figure>\n\n\n\n<h3 class=\"wp-block-heading has-text-align-center\" style=\"font-size:clamp(14.082px, 0.88rem + ((1vw - 3.2px) * 0.706), 21px);\">Expertise fonctionnelle<\/h3>\n\n\n\n<p class=\"has-text-align-center\">Derri\u00e8re chaque organisation, il y a des \u00e9quipes, des m\u00e9thodes et des processus. Nous intervenons pour renforcer ces fonctions cl\u00e9s et faciliter le bon fonctionnement des projets.<\/p>\n\n\n\n<div class=\"wp-block-buttons is-content-justification-center is-layout-flex wp-container-core-buttons-is-layout-a89b3969 wp-block-buttons-is-layout-flex\">\n<div class=\"wp-block-button\"><a class=\"wp-block-button__link has-background wp-element-button\" href=\"\/index.php\/expertise-fonctionnelle\/\" style=\"border-radius:0px;border-bottom-width:1px;background-color:#ffffff00;padding-top:0;padding-right:0;padding-bottom:0;padding-left:0\">En savoir plus<\/a><\/div>\n<\/div>\n<\/div>\n<\/div>\n<\/div>\n\n\n\n<div class=\"wp-block-columns is-layout-flex wp-container-core-columns-is-layout-d9dd512a wp-block-columns-is-layout-flex\" style=\"margin-top:var(--wp--preset--spacing--20)\">\n<div class=\"wp-block-column is-layout-flow wp-block-column-is-layout-flow\">\n<div class=\"wp-block-group has-border-color has-white-background-color has-background has-global-padding is-layout-constrained wp-container-core-group-is-layout-c385debf wp-block-group-is-layout-constrained\" style=\"border-color:#51515147;border-width:1px;border-radius:8px;padding-top:var(--wp--preset--spacing--20);padding-right:var(--wp--preset--spacing--20);padding-bottom:var(--wp--preset--spacing--20);padding-left:var(--wp--preset--spacing--20)\">\n<figure class=\"wp-block-image size-full\"><img loading=\"lazy\" decoding=\"async\" width=\"1707\" height=\"2560\" src=\"https:\/\/consulting.liristech.com\/wp-content\/uploads\/2026\/01\/pexels-shkrabaanthony-5816291-1-scaled.jpg\" alt=\"\" class=\"wp-image-437\" style=\"object-fit:contain\" srcset=\"https:\/\/consulting.liristech.com\/wp-content\/uploads\/2026\/01\/pexels-shkrabaanthony-5816291-1-scaled.jpg 1707w, https:\/\/consulting.liristech.com\/wp-content\/uploads\/2026\/01\/pexels-shkrabaanthony-5816291-1-200x300.jpg 200w, https:\/\/consulting.liristech.com\/wp-content\/uploads\/2026\/01\/pexels-shkrabaanthony-5816291-1-683x1024.jpg 683w, https:\/\/consulting.liristech.com\/wp-content\/uploads\/2026\/01\/pexels-shkrabaanthony-5816291-1-768x1152.jpg 768w, https:\/\/consulting.liristech.com\/wp-content\/uploads\/2026\/01\/pexels-shkrabaanthony-5816291-1-1024x1536.jpg 1024w, https:\/\/consulting.liristech.com\/wp-content\/uploads\/2026\/01\/pexels-shkrabaanthony-5816291-1-1365x2048.jpg 1365w\" sizes=\"auto, (max-width: 1707px) 100vw, 1707px\" \/><\/figure>\n\n\n\n<h3 class=\"wp-block-heading has-text-align-center\" style=\"font-size:clamp(14.082px, 0.88rem + ((1vw - 3.2px) * 0.706), 21px);\">Cas d&#8217;etudes<\/h3>\n\n\n\n<p class=\"has-text-align-center\">\u00c0 travers ces \u00e9tudes de cas, nous partageons des situations r\u00e9elles, des d\u00e9fis concrets et les solutions que nous avons construites avec nos partenaires.<\/p>\n\n\n\n<div class=\"wp-block-buttons is-content-justification-center is-layout-flex wp-container-core-buttons-is-layout-a89b3969 wp-block-buttons-is-layout-flex\">\n<div class=\"wp-block-button\"><a class=\"wp-block-button__link has-background wp-element-button\" href=\"\/index.php\/cas-detude\/\" style=\"border-radius:0px;border-bottom-width:1px;background-color:#ffffff00;padding-top:0;padding-right:0;padding-bottom:0;padding-left:0\">en savoir plus<\/a><\/div>\n<\/div>\n<\/div>\n<\/div>\n\n\n\n<div class=\"wp-block-column is-layout-flow wp-block-column-is-layout-flow\">\n<div class=\"wp-block-group has-border-color has-white-background-color has-background has-global-padding is-layout-constrained wp-container-core-group-is-layout-c385debf wp-block-group-is-layout-constrained\" style=\"border-color:#51515147;border-width:1px;border-radius:8px;padding-top:var(--wp--preset--spacing--20);padding-right:var(--wp--preset--spacing--20);padding-bottom:var(--wp--preset--spacing--20);padding-left:var(--wp--preset--spacing--20)\">\n<figure class=\"wp-block-image size-full\"><img loading=\"lazy\" decoding=\"async\" width=\"1707\" height=\"2560\" src=\"https:\/\/consulting.liristech.com\/wp-content\/uploads\/2026\/01\/pexels-tima-miroshnichenko-6615196-2-scaled.jpg\" alt=\"\" class=\"wp-image-435\" style=\"object-fit:contain\" srcset=\"https:\/\/consulting.liristech.com\/wp-content\/uploads\/2026\/01\/pexels-tima-miroshnichenko-6615196-2-scaled.jpg 1707w, https:\/\/consulting.liristech.com\/wp-content\/uploads\/2026\/01\/pexels-tima-miroshnichenko-6615196-2-200x300.jpg 200w, https:\/\/consulting.liristech.com\/wp-content\/uploads\/2026\/01\/pexels-tima-miroshnichenko-6615196-2-683x1024.jpg 683w, https:\/\/consulting.liristech.com\/wp-content\/uploads\/2026\/01\/pexels-tima-miroshnichenko-6615196-2-768x1152.jpg 768w, https:\/\/consulting.liristech.com\/wp-content\/uploads\/2026\/01\/pexels-tima-miroshnichenko-6615196-2-1024x1536.jpg 1024w, https:\/\/consulting.liristech.com\/wp-content\/uploads\/2026\/01\/pexels-tima-miroshnichenko-6615196-2-1366x2048.jpg 1366w\" sizes=\"auto, (max-width: 1707px) 100vw, 1707px\" \/><\/figure>\n\n\n\n<h3 class=\"wp-block-heading has-text-align-center\" style=\"font-size:clamp(14.082px, 0.88rem + ((1vw - 3.2px) * 0.706), 21px);\">Prendre rendez-vous<\/h3>\n\n\n\n<p class=\"has-text-align-center\"><strong>Avant toute solution, nous prenons le temps de vous \u00e9couter.<\/strong><br>Un rendez-vous pour poser les bases d\u2019un accompagnement efficace.<\/p>\n\n\n\n<div class=\"wp-block-buttons is-content-justification-center is-layout-flex wp-container-core-buttons-is-layout-a89b3969 wp-block-buttons-is-layout-flex\">\n<div class=\"wp-block-button\"><a class=\"wp-block-button__link has-background wp-element-button\" href=\"\/index.php\/prendre-rendez-vous\/\" style=\"border-radius:0px;border-bottom-width:1px;background-color:#ffffff00;padding-top:0;padding-right:0;padding-bottom:0;padding-left:0\">Prendre rendez-vous<\/a><\/div>\n<\/div>\n<\/div>\n<\/div>\n<\/div>\n<\/div>\n","protected":false},"excerpt":{"rendered":"<p>Notre approche Notre approche repose avant tout sur l\u2019\u00e9coute, la compr\u00e9hension de vos besoins et une collaboration de proximit\u00e9 \u00e0 chaque \u00e9tape. Expertise sectorielle Chaque secteur a ses r\u00e9alit\u00e9s, ses d\u00e9fis et ses priorit\u00e9s. Nous prenons le temps de les comprendre afin de proposer des solutions r\u00e9ellement adapt\u00e9es aux besoins du terrain. Expertise fonctionnelle Derri\u00e8re [&hellip;]<\/p>\n","protected":false},"author":2,"featured_media":0,"parent":0,"menu_order":0,"comment_status":"closed","ping_status":"closed","template":"","meta":{"footnotes":""},"class_list":["post-72","page","type-page","status-publish","hentry"],"_links":{"self":[{"href":"https:\/\/consulting.liristech.com\/index.php\/wp-json\/wp\/v2\/pages\/72","targetHints":{"allow":["GET"]}}],"collection":[{"href":"https:\/\/consulting.liristech.com\/index.php\/wp-json\/wp\/v2\/pages"}],"about":[{"href":"https:\/\/consulting.liristech.com\/index.php\/wp-json\/wp\/v2\/types\/page"}],"author":[{"embeddable":true,"href":"https:\/\/consulting.liristech.com\/index.php\/wp-json\/wp\/v2\/users\/2"}],"replies":[{"embeddable":true,"href":"https:\/\/consulting.liristech.com\/index.php\/wp-json\/wp\/v2\/comments?post=72"}],"version-history":[{"count":7,"href":"https:\/\/consulting.liristech.com\/index.php\/wp-json\/wp\/v2\/pages\/72\/revisions"}],"predecessor-version":[{"id":486,"href":"https:\/\/consulting.liristech.com\/index.php\/wp-json\/wp\/v2\/pages\/72\/revisions\/486"}],"wp:attachment":[{"href":"https:\/\/consulting.liristech.com\/index.php\/wp-json\/wp\/v2\/media?parent=72"}],"curies":[{"name":"wp","href":"https:\/\/api.w.org\/{rel}","templated":true}]}}