{"id":86,"date":"2025-12-05T15:31:58","date_gmt":"2025-12-05T15:31:58","guid":{"rendered":"https:\/\/consulting.liristech.com\/?page_id=86"},"modified":"2026-01-12T17:02:19","modified_gmt":"2026-01-12T17:02:19","slug":"mission-vision","status":"publish","type":"page","link":"https:\/\/consulting.liristech.com\/index.php\/mission-vision\/","title":{"rendered":"Histoire, mission &amp; vision"},"content":{"rendered":"\n<h2 class=\"wp-block-heading has-text-align-center\">Notre histoire<\/h2>\n\n\n\n<p>Cr\u00e9er en 2025, LIRIS CONSULTING est sp\u00e9cialis\u00e9e dans l&#8217;ingenierie, la construction et les services \u00e9nergetiques. Notre objectifs est d&#8217;accompagner nos clients avec expertise et rigueur dans leur projets, en alliant innovation et efficacit\u00e9.<\/p>\n\n\n\n<h2 class=\"wp-block-heading has-text-align-center\">Vision<\/h2>\n\n\n\n<p><strong>Notre ambition<\/strong> <strong>est de:<\/strong><\/p>\n\n\n\n<ul class=\"wp-block-list\">\n<li>Promouvoir une ing\u00e9nierie durable<\/li>\n<\/ul>\n\n\n\n<ul class=\"wp-block-list\">\n<li>Construire des infrastructures fiables<\/li>\n<\/ul>\n\n\n\n<ul class=\"wp-block-list\">\n<li>Inspirer l&#8217;innovation dans le secteur<\/li>\n<\/ul>\n\n\n\n<h2 class=\"wp-block-heading has-text-align-center\">Mission<\/h2>\n\n\n\n<div class=\"wp-block-columns is-layout-flex wp-container-core-columns-is-layout-28f84493 wp-block-columns-is-layout-flex\">\n<div class=\"wp-block-column is-layout-flow wp-block-column-is-layout-flow\">\n<p>Offrir des solutions techniques compl\u00e8tes et adapt\u00e9s aux besoins sp\u00e9cifiques de chaque clients, dans les domaines de  l&#8217;ing\u00e9nierie de la construction et de l&#8217;\u00e9nergie<\/p>\n<\/div>\n<\/div>\n\n\n\n<h4 class=\"wp-block-heading\"><strong>Ing\u00e9nierie fiable<\/strong><\/h4>\n\n\n\n<div class=\"wp-block-columns is-layout-flex wp-container-core-columns-is-layout-28f84493 wp-block-columns-is-layout-flex\">\n<div class=\"wp-block-column is-layout-flow wp-block-column-is-layout-flow\">\n<p>Nous accompagnons nos clients avec une ing\u00e9nierie solide et responsable.<br>Notre priorit\u00e9 est de proposer des solutions techniques claires, compr\u00e9hensibles et adapt\u00e9es \u00e0 chaque projet, du lus simple au plus complexe<\/p>\n<\/div>\n<\/div>\n\n\n\n<div class=\"wp-block-columns is-layout-flex wp-container-core-columns-is-layout-28f84493 wp-block-columns-is-layout-flex\">\n<div class=\"wp-block-column is-layout-flow wp-block-column-is-layout-flow\">\n<figure class=\"wp-block-image size-full\"><img loading=\"lazy\" decoding=\"async\" width=\"2560\" height=\"1920\" src=\"https:\/\/consulting.liristech.com\/wp-content\/uploads\/2026\/01\/pexels-harrun-muhammad-116282236-32412809-scaled.jpg\" alt=\"\" class=\"wp-image-452\" srcset=\"https:\/\/consulting.liristech.com\/wp-content\/uploads\/2026\/01\/pexels-harrun-muhammad-116282236-32412809-scaled.jpg 2560w, https:\/\/consulting.liristech.com\/wp-content\/uploads\/2026\/01\/pexels-harrun-muhammad-116282236-32412809-300x225.jpg 300w, https:\/\/consulting.liristech.com\/wp-content\/uploads\/2026\/01\/pexels-harrun-muhammad-116282236-32412809-1024x768.jpg 1024w, https:\/\/consulting.liristech.com\/wp-content\/uploads\/2026\/01\/pexels-harrun-muhammad-116282236-32412809-768x576.jpg 768w, https:\/\/consulting.liristech.com\/wp-content\/uploads\/2026\/01\/pexels-harrun-muhammad-116282236-32412809-1536x1152.jpg 1536w, https:\/\/consulting.liristech.com\/wp-content\/uploads\/2026\/01\/pexels-harrun-muhammad-116282236-32412809-2048x1536.jpg 2048w\" sizes=\"auto, (max-width: 2560px) 100vw, 2560px\" \/><\/figure>\n<\/div>\n\n\n\n<div class=\"wp-block-column is-layout-flow wp-block-column-is-layout-flow\">\n<div class=\"wp-block-columns is-layout-flex wp-container-core-columns-is-layout-28f84493 wp-block-columns-is-layout-flex\">\n<div class=\"wp-block-column is-layout-flow wp-block-column-is-layout-flow\"><\/div>\n<\/div>\n\n\n\n<h4 class=\"wp-block-heading\"><strong>Solutions \u00e9nerg\u00e9tiques durables<\/strong><br><\/h4>\n\n\n\n<p>Nous apportons des conseils et des services qui soutiennent la transition \u00e9nerg\u00e9tique.<br>Notre approche est orient\u00e9e vers des solutions \u00e9conomiques, s\u00e9curis\u00e9es et respectueuses de l&#8217;environnement<\/p>\n<\/div>\n<\/div>\n\n\n\n<h4 class=\"wp-block-heading\"><strong>Accompagnement et suivi technique<\/strong><\/h4>\n\n\n\n<p>Nous restons pr\u00e9sents \u00e0 chaque \u00e9tape grace \u00e0 un suivi rigoureux.<br>Notre role est d&#8217;assurer la qualit\u00e9, la transparence et la bonne ex\u00e9cution de vos projets, jusqu&#8217;\u00e0 leur aboutissement.<\/p>\n","protected":false},"excerpt":{"rendered":"<p>Notre histoire Cr\u00e9er en 2025, LIRIS CONSULTING est sp\u00e9cialis\u00e9e dans l&#8217;ingenierie, la construction et les services \u00e9nergetiques. Notre objectifs est d&#8217;accompagner nos clients avec expertise et rigueur dans leur projets, en alliant innovation et efficacit\u00e9. Vision Notre ambition est de: Mission Offrir des solutions techniques compl\u00e8tes et adapt\u00e9s aux besoins sp\u00e9cifiques de chaque clients, dans [&hellip;]<\/p>\n","protected":false},"author":2,"featured_media":0,"parent":0,"menu_order":0,"comment_status":"closed","ping_status":"closed","template":"","meta":{"footnotes":""},"class_list":["post-86","page","type-page","status-publish","hentry"],"_links":{"self":[{"href":"https:\/\/consulting.liristech.com\/index.php\/wp-json\/wp\/v2\/pages\/86","targetHints":{"allow":["GET"]}}],"collection":[{"href":"https:\/\/consulting.liristech.com\/index.php\/wp-json\/wp\/v2\/pages"}],"about":[{"href":"https:\/\/consulting.liristech.com\/index.php\/wp-json\/wp\/v2\/types\/page"}],"author":[{"embeddable":true,"href":"https:\/\/consulting.liristech.com\/index.php\/wp-json\/wp\/v2\/users\/2"}],"replies":[{"embeddable":true,"href":"https:\/\/consulting.liristech.com\/index.php\/wp-json\/wp\/v2\/comments?post=86"}],"version-history":[{"count":8,"href":"https:\/\/consulting.liristech.com\/index.php\/wp-json\/wp\/v2\/pages\/86\/revisions"}],"predecessor-version":[{"id":453,"href":"https:\/\/consulting.liristech.com\/index.php\/wp-json\/wp\/v2\/pages\/86\/revisions\/453"}],"wp:attachment":[{"href":"https:\/\/consulting.liristech.com\/index.php\/wp-json\/wp\/v2\/media?parent=86"}],"curies":[{"name":"wp","href":"https:\/\/api.w.org\/{rel}","templated":true}]}}