{"id":88,"date":"2025-12-07T23:44:00","date_gmt":"2025-12-07T23:44:00","guid":{"rendered":"https:\/\/consulting.liristech.com\/?page_id=88"},"modified":"2025-12-22T15:24:24","modified_gmt":"2025-12-22T15:24:24","slug":"actualites-annonces","status":"publish","type":"page","link":"https:\/\/consulting.liristech.com\/index.php\/actualites-annonces\/","title":{"rendered":"Actualit\u00e9s &amp; annonces"},"content":{"rendered":"\n<div class=\"wp-block-group has-global-padding is-layout-constrained wp-container-core-group-is-layout-04428bc3 wp-block-group-is-layout-constrained\" style=\"margin-top:0;margin-bottom:0;padding-top:var(--wp--preset--spacing--50);padding-bottom:var(--wp--preset--spacing--50)\">\n<div class=\"wp-block-group has-global-padding is-layout-constrained wp-container-core-group-is-layout-de4af4c2 wp-block-group-is-layout-constrained\" style=\"padding-bottom:var(--wp--preset--spacing--40)\">\n<h2 class=\"wp-block-heading has-text-align-center\" style=\"font-size:clamp(25.014px, 1.563rem + ((1vw - 3.2px) * 1.733), 42px);font-style:normal;font-weight:600\">Annonces<\/h2>\n\n\n\n<p>Nous sommes heureux d&#8217;annoncer le lancement officiel de notre notre site Liris consulting, votre nouvelle plateforme de conseils dans les domaines de l&#8217;ing\u00e9nierie, la construction et l&#8217;\u00e9nergie<br><\/p>\n\n\n\n<blockquote class=\"wp-block-quote is-layout-flow wp-block-quote-is-layout-flow\">\n<p><strong>Nos actualit\u00e9s arrivent bientot<\/strong><\/p>\n<\/blockquote>\n\n\n\n<div class=\"wp-block-buttons is-layout-flex wp-block-buttons-is-layout-flex\">\n<div class=\"wp-block-button\"><a class=\"wp-block-button__link wp-element-button\">Restez inform\u00e9s<\/a><\/div>\n<\/div>\n<\/div>\n\n\n\n<p><\/p>\n<\/div>\n","protected":false},"excerpt":{"rendered":"<p>Annonces Nous sommes heureux d&#8217;annoncer le lancement officiel de notre notre site Liris consulting, votre nouvelle plateforme de conseils dans les domaines de l&#8217;ing\u00e9nierie, la construction et l&#8217;\u00e9nergie Nos actualit\u00e9s arrivent bientot<\/p>\n","protected":false},"author":2,"featured_media":0,"parent":0,"menu_order":0,"comment_status":"closed","ping_status":"closed","template":"","meta":{"footnotes":""},"class_list":["post-88","page","type-page","status-publish","hentry"],"_links":{"self":[{"href":"https:\/\/consulting.liristech.com\/index.php\/wp-json\/wp\/v2\/pages\/88","targetHints":{"allow":["GET"]}}],"collection":[{"href":"https:\/\/consulting.liristech.com\/index.php\/wp-json\/wp\/v2\/pages"}],"about":[{"href":"https:\/\/consulting.liristech.com\/index.php\/wp-json\/wp\/v2\/types\/page"}],"author":[{"embeddable":true,"href":"https:\/\/consulting.liristech.com\/index.php\/wp-json\/wp\/v2\/users\/2"}],"replies":[{"embeddable":true,"href":"https:\/\/consulting.liristech.com\/index.php\/wp-json\/wp\/v2\/comments?post=88"}],"version-history":[{"count":5,"href":"https:\/\/consulting.liristech.com\/index.php\/wp-json\/wp\/v2\/pages\/88\/revisions"}],"predecessor-version":[{"id":353,"href":"https:\/\/consulting.liristech.com\/index.php\/wp-json\/wp\/v2\/pages\/88\/revisions\/353"}],"wp:attachment":[{"href":"https:\/\/consulting.liristech.com\/index.php\/wp-json\/wp\/v2\/media?parent=88"}],"curies":[{"name":"wp","href":"https:\/\/api.w.org\/{rel}","templated":true}]}}