{"id":90,"date":"2025-12-05T15:33:53","date_gmt":"2025-12-05T15:33:53","guid":{"rendered":"https:\/\/consulting.liristech.com\/?page_id=90"},"modified":"2026-01-12T17:07:08","modified_gmt":"2026-01-12T17:07:08","slug":"carrieres","status":"publish","type":"page","link":"https:\/\/consulting.liristech.com\/index.php\/carrieres\/","title":{"rendered":"Carri\u00e8res chez Liris consulting"},"content":{"rendered":"\n<div class=\"wp-block-media-text is-stacked-on-mobile\" style=\"grid-template-columns:38% auto\"><figure class=\"wp-block-media-text__media\"><img loading=\"lazy\" decoding=\"async\" width=\"768\" height=\"1024\" src=\"https:\/\/consulting.liristech.com\/wp-content\/uploads\/2026\/01\/pexels-kindelmedia-8487335-768x1024.jpg\" alt=\"\" class=\"wp-image-420 size-full\" srcset=\"https:\/\/consulting.liristech.com\/wp-content\/uploads\/2026\/01\/pexels-kindelmedia-8487335-768x1024.jpg 768w, https:\/\/consulting.liristech.com\/wp-content\/uploads\/2026\/01\/pexels-kindelmedia-8487335-225x300.jpg 225w, https:\/\/consulting.liristech.com\/wp-content\/uploads\/2026\/01\/pexels-kindelmedia-8487335-1152x1536.jpg 1152w, https:\/\/consulting.liristech.com\/wp-content\/uploads\/2026\/01\/pexels-kindelmedia-8487335-1536x2048.jpg 1536w, https:\/\/consulting.liristech.com\/wp-content\/uploads\/2026\/01\/pexels-kindelmedia-8487335-scaled.jpg 1920w\" sizes=\"auto, (max-width: 768px) 100vw, 768px\" \/><\/figure><div class=\"wp-block-media-text__content\">\n<h2 class=\"wp-block-heading\"><strong>Quel est votre plan de carri\u00e8re ?<\/strong>&nbsp;<\/h2>\n\n\n\n<p><br>Quel que soit le secteur et\/ou le domaine qui vous attire, nous saurons satisfaire vos ambitions.&nbsp;<br>Vous aurez l\u2019opportunit\u00e9 de d\u00e9montrer vos comp\u00e9tences aux c\u00f4t\u00e9s de coll\u00e8gues talentueux, dans un environnement o\u00f9 la collaboration et le soutien mutuel seront votre quotidien.&nbsp;<\/p>\n<\/div><\/div>\n\n\n\n<p><strong>Rejoignez nous et fa\u00e7onnez l&#8217;avenir technique<\/strong><\/p>\n\n\n\n<p>Nous sommes un cabinet de conseil sp\u00e9cialis\u00e9 en ing\u00e9nierie, construction et \u00e9nergie. Chaque jour nos \u00e9quipes con\u00e7oivent et accompagnent des projets qui am\u00e9liorent les infrastructures, optimisent l&#8217;\u00e9nergie et renforce la durabilit\u00e9.<\/p>\n\n\n\n<div class=\"wp-block-buttons is-layout-flex wp-block-buttons-is-layout-flex\">\n<div class=\"wp-block-button\"><a class=\"wp-block-button__link has-text-align-left wp-element-button\" href=\"\/index.php\/formulaire\/\"><strong>Rejoignez nous <\/strong><\/a><\/div>\n<\/div>\n\n\n\n<p data-wp-context---core-fit-text=\"core\/fit-text::{&quot;fontSize&quot;:&quot;&quot;}\" data-wp-init---core-fit-text=\"core\/fit-text::callbacks.init\" data-wp-interactive data-wp-style--font-size=\"core\/fit-text::context.fontSize\" class=\"has-fit-text\"><br><\/p>\n\n\n\n<h2 class=\"wp-block-heading\">Pourquoi travaillez chez nous ?<\/h2>\n\n\n\n<h1 class=\"wp-block-heading\">Carri\u00e8res chez Bain<\/h1>\n\n\n\n<p>Quel est votre plan de carri\u00e8re ?&nbsp;<br>Quel que soit le secteur et\/ou le domaine qui vous attire, nous saurons satisfaire vos ambitions.&nbsp;<br>Vous aurez l\u2019opportunit\u00e9 de d\u00e9montrer vos comp\u00e9tences aux c\u00f4t\u00e9s de coll\u00e8gues talentueux, dans un environnement o\u00f9 la collaboration et le soutien mutuel seront votre quotidien.&nbsp;<\/p>\n\n\n\n<p><a href=\"https:\/\/www.bain.com\/fr\/careers\/work-with-us\/our-work-areas\/management-consulting\/\"><\/a><\/p>\n\n\n\n<p><\/p>\n","protected":false},"excerpt":{"rendered":"<p>Quel est votre plan de carri\u00e8re ?&nbsp; Quel que soit le secteur et\/ou le domaine qui vous attire, nous saurons satisfaire vos ambitions.&nbsp;Vous aurez l\u2019opportunit\u00e9 de d\u00e9montrer vos comp\u00e9tences aux c\u00f4t\u00e9s de coll\u00e8gues talentueux, dans un environnement o\u00f9 la collaboration et le soutien mutuel seront votre quotidien.&nbsp; Rejoignez nous et fa\u00e7onnez l&#8217;avenir technique Nous sommes [&hellip;]<\/p>\n","protected":false},"author":2,"featured_media":0,"parent":0,"menu_order":0,"comment_status":"closed","ping_status":"closed","template":"","meta":{"footnotes":""},"class_list":["post-90","page","type-page","status-publish","hentry"],"_links":{"self":[{"href":"https:\/\/consulting.liristech.com\/index.php\/wp-json\/wp\/v2\/pages\/90","targetHints":{"allow":["GET"]}}],"collection":[{"href":"https:\/\/consulting.liristech.com\/index.php\/wp-json\/wp\/v2\/pages"}],"about":[{"href":"https:\/\/consulting.liristech.com\/index.php\/wp-json\/wp\/v2\/types\/page"}],"author":[{"embeddable":true,"href":"https:\/\/consulting.liristech.com\/index.php\/wp-json\/wp\/v2\/users\/2"}],"replies":[{"embeddable":true,"href":"https:\/\/consulting.liristech.com\/index.php\/wp-json\/wp\/v2\/comments?post=90"}],"version-history":[{"count":11,"href":"https:\/\/consulting.liristech.com\/index.php\/wp-json\/wp\/v2\/pages\/90\/revisions"}],"predecessor-version":[{"id":456,"href":"https:\/\/consulting.liristech.com\/index.php\/wp-json\/wp\/v2\/pages\/90\/revisions\/456"}],"wp:attachment":[{"href":"https:\/\/consulting.liristech.com\/index.php\/wp-json\/wp\/v2\/media?parent=90"}],"curies":[{"name":"wp","href":"https:\/\/api.w.org\/{rel}","templated":true}]}}